{"id":709,"date":"2022-12-12T16:44:45","date_gmt":"2022-12-12T15:44:45","guid":{"rendered":"http:\/\/www.coding4u.fr\/?page_id=709"},"modified":"2025-07-28T15:03:19","modified_gmt":"2025-07-28T13:03:19","slug":"realisations","status":"publish","type":"page","link":"http:\/\/www.coding4u.fr\/index.php\/realisations\/","title":{"rendered":"R\u00e9alisations"},"content":{"rendered":"\t\t<div data-elementor-type=\"wp-post\" data-elementor-id=\"709\" class=\"elementor elementor-709\" data-elementor-post-type=\"page\">\n\t\t\t\t\t\t<section class=\"elementor-section elementor-top-section elementor-element elementor-element-61dc0cd elementor-section-boxed elementor-section-height-default elementor-section-height-default\" data-id=\"61dc0cd\" data-element_type=\"section\">\n\t\t\t\t\t\t<div class=\"elementor-container elementor-column-gap-default\">\n\t\t\t\t\t<div class=\"elementor-column elementor-col-100 elementor-top-column elementor-element elementor-element-eb1bc4e\" data-id=\"eb1bc4e\" data-element_type=\"column\">\n\t\t\t<div class=\"elementor-widget-wrap\">\n\t\t\t\t\t\t\t<\/div>\n\t\t<\/div>\n\t\t\t\t\t<\/div>\n\t\t<\/section>\n\t\t\t\t<section class=\"elementor-section elementor-top-section elementor-element elementor-element-a612d12 elementor-section-boxed elementor-section-height-default elementor-section-height-default\" data-id=\"a612d12\" data-element_type=\"section\">\n\t\t\t\t\t\t<div class=\"elementor-container elementor-column-gap-default\">\n\t\t\t\t\t<div class=\"elementor-column elementor-col-25 elementor-top-column elementor-element elementor-element-4ac56ce\" data-id=\"4ac56ce\" data-element_type=\"column\">\n\t\t\t<div class=\"elementor-widget-wrap elementor-element-populated\">\n\t\t\t\t\t\t<div class=\"elementor-element elementor-element-6ac529d elementor-position-top elementor-widget elementor-widget-image-box\" data-id=\"6ac529d\" data-element_type=\"widget\" data-widget_type=\"image-box.default\">\n\t\t\t\t<div class=\"elementor-widget-container\">\n\t\t\t\t\t<div class=\"elementor-image-box-wrapper\"><figure class=\"elementor-image-box-img\"><img fetchpriority=\"high\" decoding=\"async\" width=\"2560\" height=\"1854\" src=\"http:\/\/www.coding4u.fr\/wp-content\/uploads\/2022\/03\/CCBenistyle-Site-scaled.jpg\" class=\"elementor-animation-grow attachment-full size-full wp-image-275\" alt=\"\" srcset=\"http:\/\/www.coding4u.fr\/wp-content\/uploads\/2022\/03\/CCBenistyle-Site-scaled.jpg 2560w, http:\/\/www.coding4u.fr\/wp-content\/uploads\/2022\/03\/CCBenistyle-Site-300x217.jpg 300w, http:\/\/www.coding4u.fr\/wp-content\/uploads\/2022\/03\/CCBenistyle-Site-1024x742.jpg 1024w, http:\/\/www.coding4u.fr\/wp-content\/uploads\/2022\/03\/CCBenistyle-Site-768x556.jpg 768w, http:\/\/www.coding4u.fr\/wp-content\/uploads\/2022\/03\/CCBenistyle-Site-1536x1112.jpg 1536w, http:\/\/www.coding4u.fr\/wp-content\/uploads\/2022\/03\/CCBenistyle-Site-2048x1483.jpg 2048w\" sizes=\"(max-width: 2560px) 100vw, 2560px\" \/><\/figure><div class=\"elementor-image-box-content\"><div class=\"elementor-image-box-title\">CCBenistyle\nCr\u00e9atrice de bijoux<\/div><p class=\"elementor-image-box-description\">Cr\u00e9ation de l'identit\u00e9 visuelle (Logo, carte de visite) et boutique en ligne de <a href=\"https:\/\/www.ccbenistyle.com\">bijoux contemporains<\/a>\n<\/p><\/div><\/div>\t\t\t\t<\/div>\n\t\t\t\t<\/div>\n\t\t\t\t\t<\/div>\n\t\t<\/div>\n\t\t\t\t<div class=\"elementor-column elementor-col-25 elementor-top-column elementor-element elementor-element-91c50ef\" data-id=\"91c50ef\" data-element_type=\"column\">\n\t\t\t<div class=\"elementor-widget-wrap elementor-element-populated\">\n\t\t\t\t\t\t<div class=\"elementor-element elementor-element-762a965 elementor-position-top elementor-widget elementor-widget-image-box\" data-id=\"762a965\" data-element_type=\"widget\" data-widget_type=\"image-box.default\">\n\t\t\t\t<div class=\"elementor-widget-container\">\n\t\t\t\t\t<div class=\"elementor-image-box-wrapper\"><figure class=\"elementor-image-box-img\"><img decoding=\"async\" width=\"2560\" height=\"1854\" data-src=\"http:\/\/www.coding4u.fr\/wp-content\/uploads\/2022\/12\/skills-scaled.jpg\" class=\"elementor-animation-grow attachment-full size-full wp-image-712 lazyload\" alt=\"Site Skills Synergy\" data-srcset=\"http:\/\/www.coding4u.fr\/wp-content\/uploads\/2022\/12\/skills-scaled.jpg 2560w, http:\/\/www.coding4u.fr\/wp-content\/uploads\/2022\/12\/skills-300x217.jpg 300w, http:\/\/www.coding4u.fr\/wp-content\/uploads\/2022\/12\/skills-1024x742.jpg 1024w, http:\/\/www.coding4u.fr\/wp-content\/uploads\/2022\/12\/skills-768x556.jpg 768w, http:\/\/www.coding4u.fr\/wp-content\/uploads\/2022\/12\/skills-1536x1112.jpg 1536w, http:\/\/www.coding4u.fr\/wp-content\/uploads\/2022\/12\/skills-2048x1483.jpg 2048w\" data-sizes=\"(max-width: 2560px) 100vw, 2560px\" src=\"data:image\/gif;base64,R0lGODlhAQABAAAAACH5BAEKAAEALAAAAAABAAEAAAICTAEAOw==\" style=\"--smush-placeholder-width: 2560px; --smush-placeholder-aspect-ratio: 2560\/1854;\" \/><\/figure><div class=\"elementor-image-box-content\"><div class=\"elementor-image-box-title\">Skills Synergy\nCentre de formation<\/div><p class=\"elementor-image-box-description\">Cr\u00e9ation du site Internet du centre de formation et personnalisation du catalogue reli\u00e9 \u00e0 l'outil Dendreo.<\/p><\/div><\/div>\t\t\t\t<\/div>\n\t\t\t\t<\/div>\n\t\t\t\t\t<\/div>\n\t\t<\/div>\n\t\t\t\t<div class=\"elementor-column elementor-col-25 elementor-top-column elementor-element elementor-element-4f5ae6b\" data-id=\"4f5ae6b\" data-element_type=\"column\">\n\t\t\t<div class=\"elementor-widget-wrap elementor-element-populated\">\n\t\t\t\t\t\t<div class=\"elementor-element elementor-element-7ad39eb elementor-position-top elementor-widget elementor-widget-image-box\" data-id=\"7ad39eb\" data-element_type=\"widget\" data-widget_type=\"image-box.default\">\n\t\t\t\t<div class=\"elementor-widget-container\">\n\t\t\t\t\t<div class=\"elementor-image-box-wrapper\"><figure class=\"elementor-image-box-img\"><img decoding=\"async\" width=\"2560\" height=\"1854\" data-src=\"http:\/\/www.coding4u.fr\/wp-content\/uploads\/2022\/07\/IZA_Expertise-Site-1-scaled.jpg\" class=\"elementor-animation-grow attachment-full size-full wp-image-503 lazyload\" alt=\"\" data-srcset=\"http:\/\/www.coding4u.fr\/wp-content\/uploads\/2022\/07\/IZA_Expertise-Site-1-scaled.jpg 2560w, http:\/\/www.coding4u.fr\/wp-content\/uploads\/2022\/07\/IZA_Expertise-Site-1-300x217.jpg 300w, http:\/\/www.coding4u.fr\/wp-content\/uploads\/2022\/07\/IZA_Expertise-Site-1-1024x742.jpg 1024w, http:\/\/www.coding4u.fr\/wp-content\/uploads\/2022\/07\/IZA_Expertise-Site-1-768x556.jpg 768w, http:\/\/www.coding4u.fr\/wp-content\/uploads\/2022\/07\/IZA_Expertise-Site-1-1536x1112.jpg 1536w, http:\/\/www.coding4u.fr\/wp-content\/uploads\/2022\/07\/IZA_Expertise-Site-1-2048x1483.jpg 2048w\" data-sizes=\"(max-width: 2560px) 100vw, 2560px\" src=\"data:image\/gif;base64,R0lGODlhAQABAAAAACH5BAEKAAEALAAAAAABAAEAAAICTAEAOw==\" style=\"--smush-placeholder-width: 2560px; --smush-placeholder-aspect-ratio: 2560\/1854;\" \/><\/figure><div class=\"elementor-image-box-content\"><div class=\"elementor-image-box-title\">IZA Expertise \nExpert-Comptable<\/div><p class=\"elementor-image-box-description\">Cr\u00e9ation du site Internet du <a href=\"https:\/\/www.iza770.com\">cabinet d'expertise comptable<\/a> ainsi que d'une plaque signal\u00e9tique<\/p><\/div><\/div>\t\t\t\t<\/div>\n\t\t\t\t<\/div>\n\t\t\t\t\t<\/div>\n\t\t<\/div>\n\t\t\t\t<div class=\"elementor-column elementor-col-25 elementor-top-column elementor-element elementor-element-0a2c65a\" data-id=\"0a2c65a\" data-element_type=\"column\">\n\t\t\t<div class=\"elementor-widget-wrap elementor-element-populated\">\n\t\t\t\t\t\t<div class=\"elementor-element elementor-element-74d63d2 elementor-position-top elementor-widget elementor-widget-image-box\" data-id=\"74d63d2\" data-element_type=\"widget\" data-widget_type=\"image-box.default\">\n\t\t\t\t<div class=\"elementor-widget-container\">\n\t\t\t\t\t<div class=\"elementor-image-box-wrapper\"><figure class=\"elementor-image-box-img\"><img decoding=\"async\" width=\"2560\" height=\"1707\" data-src=\"http:\/\/www.coding4u.fr\/wp-content\/uploads\/2022\/03\/TLS-Brochure-1-scaled.jpg\" class=\"elementor-animation-grow attachment-full size-full wp-image-278 lazyload\" alt=\"\" data-srcset=\"http:\/\/www.coding4u.fr\/wp-content\/uploads\/2022\/03\/TLS-Brochure-1-scaled.jpg 2560w, http:\/\/www.coding4u.fr\/wp-content\/uploads\/2022\/03\/TLS-Brochure-1-300x200.jpg 300w, http:\/\/www.coding4u.fr\/wp-content\/uploads\/2022\/03\/TLS-Brochure-1-1024x683.jpg 1024w, http:\/\/www.coding4u.fr\/wp-content\/uploads\/2022\/03\/TLS-Brochure-1-768x512.jpg 768w, http:\/\/www.coding4u.fr\/wp-content\/uploads\/2022\/03\/TLS-Brochure-1-1536x1024.jpg 1536w, http:\/\/www.coding4u.fr\/wp-content\/uploads\/2022\/03\/TLS-Brochure-1-2048x1365.jpg 2048w\" data-sizes=\"(max-width: 2560px) 100vw, 2560px\" src=\"data:image\/gif;base64,R0lGODlhAQABAAAAACH5BAEKAAEALAAAAAABAAEAAAICTAEAOw==\" style=\"--smush-placeholder-width: 2560px; --smush-placeholder-aspect-ratio: 2560\/1707;\" \/><\/figure><div class=\"elementor-image-box-content\"><div class=\"elementor-image-box-title\">TLS 91\nTransporteur<\/div><p class=\"elementor-image-box-description\">Cr\u00e9ation du logo ainsi que d'une brochure.<\/p><\/div><\/div>\t\t\t\t<\/div>\n\t\t\t\t<\/div>\n\t\t\t\t\t<\/div>\n\t\t<\/div>\n\t\t\t\t\t<\/div>\n\t\t<\/section>\n\t\t\t\t<section class=\"elementor-section elementor-top-section elementor-element elementor-element-f3638ed elementor-section-boxed elementor-section-height-default elementor-section-height-default\" data-id=\"f3638ed\" data-element_type=\"section\">\n\t\t\t\t\t\t<div class=\"elementor-container elementor-column-gap-default\">\n\t\t\t\t\t<div class=\"elementor-column elementor-col-25 elementor-top-column elementor-element elementor-element-b37eade\" data-id=\"b37eade\" data-element_type=\"column\">\n\t\t\t<div class=\"elementor-widget-wrap elementor-element-populated\">\n\t\t\t\t\t\t<div class=\"elementor-element elementor-element-b8bb082 elementor-position-top elementor-widget elementor-widget-image-box\" data-id=\"b8bb082\" data-element_type=\"widget\" data-widget_type=\"image-box.default\">\n\t\t\t\t<div class=\"elementor-widget-container\">\n\t\t\t\t\t<div class=\"elementor-image-box-wrapper\"><figure class=\"elementor-image-box-img\"><img decoding=\"async\" width=\"500\" height=\"150\" data-src=\"http:\/\/www.coding4u.fr\/wp-content\/uploads\/2022\/12\/SF.jpg\" class=\"elementor-animation-grow attachment-full size-full wp-image-725 lazyload\" alt=\"Logo Single and Free\" data-srcset=\"http:\/\/www.coding4u.fr\/wp-content\/uploads\/2022\/12\/SF.jpg 500w, http:\/\/www.coding4u.fr\/wp-content\/uploads\/2022\/12\/SF-300x90.jpg 300w\" data-sizes=\"(max-width: 500px) 100vw, 500px\" src=\"data:image\/gif;base64,R0lGODlhAQABAAAAACH5BAEKAAEALAAAAAABAAEAAAICTAEAOw==\" style=\"--smush-placeholder-width: 500px; --smush-placeholder-aspect-ratio: 500\/150;\" \/><\/figure><div class=\"elementor-image-box-content\"><div class=\"elementor-image-box-title\">Single &amp; Free \nRencontres c\u00e9libataires<\/div><p class=\"elementor-image-box-description\">D\u00e9veloppement sur mesure d'un formulaire de compatibilit\u00e9 amoureuse et de la gestion des r\u00e9sultats.<\/p><\/div><\/div>\t\t\t\t<\/div>\n\t\t\t\t<\/div>\n\t\t\t\t\t<\/div>\n\t\t<\/div>\n\t\t\t\t<div class=\"elementor-column elementor-col-25 elementor-top-column elementor-element elementor-element-5a7e440\" data-id=\"5a7e440\" data-element_type=\"column\">\n\t\t\t<div class=\"elementor-widget-wrap elementor-element-populated\">\n\t\t\t\t\t\t<div class=\"elementor-element elementor-element-88d3b2c elementor-position-top elementor-widget elementor-widget-image-box\" data-id=\"88d3b2c\" data-element_type=\"widget\" data-widget_type=\"image-box.default\">\n\t\t\t\t<div class=\"elementor-widget-container\">\n\t\t\t\t\t<div class=\"elementor-image-box-wrapper\"><figure class=\"elementor-image-box-img\"><img decoding=\"async\" width=\"2560\" height=\"1963\" data-src=\"http:\/\/www.coding4u.fr\/wp-content\/uploads\/2022\/03\/KeyZap-Enseigne-scaled.jpg\" class=\"elementor-animation-grow attachment-full size-full wp-image-277 lazyload\" alt=\"\" data-srcset=\"http:\/\/www.coding4u.fr\/wp-content\/uploads\/2022\/03\/KeyZap-Enseigne-scaled.jpg 2560w, http:\/\/www.coding4u.fr\/wp-content\/uploads\/2022\/03\/KeyZap-Enseigne-300x230.jpg 300w, http:\/\/www.coding4u.fr\/wp-content\/uploads\/2022\/03\/KeyZap-Enseigne-1024x785.jpg 1024w, http:\/\/www.coding4u.fr\/wp-content\/uploads\/2022\/03\/KeyZap-Enseigne-768x589.jpg 768w, http:\/\/www.coding4u.fr\/wp-content\/uploads\/2022\/03\/KeyZap-Enseigne-1536x1178.jpg 1536w, http:\/\/www.coding4u.fr\/wp-content\/uploads\/2022\/03\/KeyZap-Enseigne-2048x1570.jpg 2048w\" data-sizes=\"(max-width: 2560px) 100vw, 2560px\" src=\"data:image\/gif;base64,R0lGODlhAQABAAAAACH5BAEKAAEALAAAAAABAAEAAAICTAEAOw==\" style=\"--smush-placeholder-width: 2560px; --smush-placeholder-aspect-ratio: 2560\/1963;\" \/><\/figure><div class=\"elementor-image-box-content\"><div class=\"elementor-image-box-title\">KeyZap \nR\u00e9parateur de clefs &amp; t\u00e9l\u00e9commandes<\/div><p class=\"elementor-image-box-description\">R\u00e9alisation du Logo et Mockup pour l'enseigne d'une boutique de r\u00e9paration de cl\u00e9s et t\u00e9l\u00e9commandes.<\/p><\/div><\/div>\t\t\t\t<\/div>\n\t\t\t\t<\/div>\n\t\t\t\t\t<\/div>\n\t\t<\/div>\n\t\t\t\t<div class=\"elementor-column elementor-col-25 elementor-top-column elementor-element elementor-element-5425373\" data-id=\"5425373\" data-element_type=\"column\">\n\t\t\t<div class=\"elementor-widget-wrap elementor-element-populated\">\n\t\t\t\t\t\t<div class=\"elementor-element elementor-element-18e05f6 elementor-position-top elementor-widget elementor-widget-image-box\" data-id=\"18e05f6\" data-element_type=\"widget\" data-widget_type=\"image-box.default\">\n\t\t\t\t<div class=\"elementor-widget-container\">\n\t\t\t\t\t<div class=\"elementor-image-box-wrapper\"><figure class=\"elementor-image-box-img\"><img decoding=\"async\" width=\"1246\" height=\"780\" data-src=\"http:\/\/www.coding4u.fr\/wp-content\/uploads\/2025\/07\/cfamandela.jpg\" class=\"attachment-full size-full wp-image-1720 lazyload\" alt=\"gestion de la maintenance du site du CFA Mandela\" data-srcset=\"http:\/\/www.coding4u.fr\/wp-content\/uploads\/2025\/07\/cfamandela.jpg 1246w, http:\/\/www.coding4u.fr\/wp-content\/uploads\/2025\/07\/cfamandela-300x188.jpg 300w, http:\/\/www.coding4u.fr\/wp-content\/uploads\/2025\/07\/cfamandela-1024x641.jpg 1024w, http:\/\/www.coding4u.fr\/wp-content\/uploads\/2025\/07\/cfamandela-768x481.jpg 768w, http:\/\/www.coding4u.fr\/wp-content\/uploads\/2025\/07\/cfamandela-560x350.jpg 560w\" data-sizes=\"(max-width: 1246px) 100vw, 1246px\" src=\"data:image\/gif;base64,R0lGODlhAQABAAAAACH5BAEKAAEALAAAAAABAAEAAAICTAEAOw==\" style=\"--smush-placeholder-width: 1246px; --smush-placeholder-aspect-ratio: 1246\/780;\" \/><\/figure><div class=\"elementor-image-box-content\"><div class=\"elementor-image-box-title\"><br><br>CFA Mandela<\/div><p class=\"elementor-image-box-description\">Maintenance du site internet et r\u00e9f\u00e9rencement naturel du <a href=\"https:\/\/www.cfamandela.fr\">Centre de Formation pour Apprentis<\/a> et gestion des r\u00e9seaux sociaux<\/p><\/div><\/div>\t\t\t\t<\/div>\n\t\t\t\t<\/div>\n\t\t\t\t\t<\/div>\n\t\t<\/div>\n\t\t\t\t<div class=\"elementor-column elementor-col-25 elementor-top-column elementor-element elementor-element-54807f7\" data-id=\"54807f7\" data-element_type=\"column\">\n\t\t\t<div class=\"elementor-widget-wrap\">\n\t\t\t\t\t\t\t<\/div>\n\t\t<\/div>\n\t\t\t\t\t<\/div>\n\t\t<\/section>\n\t\t\t\t<\/div>\n\t\t","protected":false},"excerpt":{"rendered":"<p>CCBenistyle Cr\u00e9atrice de bijoux Cr\u00e9ation de l&rsquo;identit\u00e9 visuelle (Logo, carte de visite) et boutique en ligne de bijoux contemporains Skills Synergy Centre de formation Cr\u00e9ation du site Internet du centre de formation et personnalisation du catalogue reli\u00e9 \u00e0 l&rsquo;outil Dendreo. IZA Expertise Expert-Comptable Cr\u00e9ation du site Internet du cabinet d&rsquo;expertise comptable ainsi que d&rsquo;une plaque &hellip;<\/p>\n","protected":false},"author":1,"featured_media":0,"parent":0,"menu_order":0,"comment_status":"closed","ping_status":"closed","template":"","meta":{"footnotes":""},"class_list":["post-709","page","type-page","status-publish","hentry","no-thumb"],"yoast_head":"<!-- This site is optimized with the Yoast SEO plugin v25.3 - https:\/\/yoast.com\/wordpress\/plugins\/seo\/ -->\n<title>R\u00e9alisations - Coding4U<\/title>\n<meta name=\"robots\" content=\"index, follow, max-snippet:-1, max-image-preview:large, max-video-preview:-1\" \/>\n<link rel=\"canonical\" href=\"http:\/\/www.coding4u.fr\/index.php\/realisations\/\" \/>\n<meta property=\"og:locale\" content=\"fr_FR\" \/>\n<meta property=\"og:type\" content=\"article\" \/>\n<meta property=\"og:title\" content=\"R\u00e9alisations - Coding4U\" \/>\n<meta property=\"og:description\" content=\"CCBenistyle Cr\u00e9atrice de bijoux Cr\u00e9ation de l&rsquo;identit\u00e9 visuelle (Logo, carte de visite) et boutique en ligne de bijoux contemporains Skills Synergy Centre de formation Cr\u00e9ation du site Internet du centre de formation et personnalisation du catalogue reli\u00e9 \u00e0 l&rsquo;outil Dendreo. IZA Expertise Expert-Comptable Cr\u00e9ation du site Internet du cabinet d&rsquo;expertise comptable ainsi que d&rsquo;une plaque &hellip;\" \/>\n<meta property=\"og:url\" content=\"http:\/\/www.coding4u.fr\/index.php\/realisations\/\" \/>\n<meta property=\"og:site_name\" content=\"Coding4U\" \/>\n<meta property=\"article:modified_time\" content=\"2025-07-28T13:03:19+00:00\" \/>\n<meta property=\"og:image\" content=\"http:\/\/www.coding4u.fr\/wp-content\/uploads\/2022\/03\/CCBenistyle-Site-scaled.jpg\" \/>\n<meta name=\"twitter:card\" content=\"summary_large_image\" \/>\n<meta name=\"twitter:label1\" content=\"Dur\u00e9e de lecture estim\u00e9e\" \/>\n\t<meta name=\"twitter:data1\" content=\"1 minute\" \/>\n<script type=\"application\/ld+json\" class=\"yoast-schema-graph\">{\"@context\":\"https:\/\/schema.org\",\"@graph\":[{\"@type\":\"WebPage\",\"@id\":\"http:\/\/www.coding4u.fr\/index.php\/realisations\/\",\"url\":\"http:\/\/www.coding4u.fr\/index.php\/realisations\/\",\"name\":\"R\u00e9alisations - Coding4U\",\"isPartOf\":{\"@id\":\"http:\/\/www.coding4u.fr\/#website\"},\"primaryImageOfPage\":{\"@id\":\"http:\/\/www.coding4u.fr\/index.php\/realisations\/#primaryimage\"},\"image\":{\"@id\":\"http:\/\/www.coding4u.fr\/index.php\/realisations\/#primaryimage\"},\"thumbnailUrl\":\"http:\/\/www.coding4u.fr\/wp-content\/uploads\/2022\/03\/CCBenistyle-Site-scaled.jpg\",\"datePublished\":\"2022-12-12T15:44:45+00:00\",\"dateModified\":\"2025-07-28T13:03:19+00:00\",\"breadcrumb\":{\"@id\":\"http:\/\/www.coding4u.fr\/index.php\/realisations\/#breadcrumb\"},\"inLanguage\":\"fr-FR\",\"potentialAction\":[{\"@type\":\"ReadAction\",\"target\":[\"http:\/\/www.coding4u.fr\/index.php\/realisations\/\"]}]},{\"@type\":\"ImageObject\",\"inLanguage\":\"fr-FR\",\"@id\":\"http:\/\/www.coding4u.fr\/index.php\/realisations\/#primaryimage\",\"url\":\"http:\/\/www.coding4u.fr\/wp-content\/uploads\/2022\/03\/CCBenistyle-Site-scaled.jpg\",\"contentUrl\":\"http:\/\/www.coding4u.fr\/wp-content\/uploads\/2022\/03\/CCBenistyle-Site-scaled.jpg\",\"width\":2560,\"height\":1854,\"caption\":\"Boutique en ligne CCBenistyle\"},{\"@type\":\"BreadcrumbList\",\"@id\":\"http:\/\/www.coding4u.fr\/index.php\/realisations\/#breadcrumb\",\"itemListElement\":[{\"@type\":\"ListItem\",\"position\":1,\"name\":\"Accueil\",\"item\":\"http:\/\/www.coding4u.fr\/\"},{\"@type\":\"ListItem\",\"position\":2,\"name\":\"R\u00e9alisations\"}]},{\"@type\":\"WebSite\",\"@id\":\"http:\/\/www.coding4u.fr\/#website\",\"url\":\"http:\/\/www.coding4u.fr\/\",\"name\":\"Coding4U\",\"description\":\"Votre partenaire digital pour une pr\u00e9sence en ligne d&#039;exception.\",\"publisher\":{\"@id\":\"http:\/\/www.coding4u.fr\/#organization\"},\"potentialAction\":[{\"@type\":\"SearchAction\",\"target\":{\"@type\":\"EntryPoint\",\"urlTemplate\":\"http:\/\/www.coding4u.fr\/?s={search_term_string}\"},\"query-input\":{\"@type\":\"PropertyValueSpecification\",\"valueRequired\":true,\"valueName\":\"search_term_string\"}}],\"inLanguage\":\"fr-FR\"},{\"@type\":\"Organization\",\"@id\":\"http:\/\/www.coding4u.fr\/#organization\",\"name\":\"Coding4U\",\"url\":\"http:\/\/www.coding4u.fr\/\",\"logo\":{\"@type\":\"ImageObject\",\"inLanguage\":\"fr-FR\",\"@id\":\"http:\/\/www.coding4u.fr\/#\/schema\/logo\/image\/\",\"url\":\"https:\/\/www.coding4u.fr\/wp-content\/uploads\/2021\/07\/c4u-1.jpg\",\"contentUrl\":\"https:\/\/www.coding4u.fr\/wp-content\/uploads\/2021\/07\/c4u-1.jpg\",\"width\":330,\"height\":212,\"caption\":\"Coding4U\"},\"image\":{\"@id\":\"http:\/\/www.coding4u.fr\/#\/schema\/logo\/image\/\"}}]}<\/script>\n<!-- \/ Yoast SEO plugin. -->","yoast_head_json":{"title":"R\u00e9alisations - Coding4U","robots":{"index":"index","follow":"follow","max-snippet":"max-snippet:-1","max-image-preview":"max-image-preview:large","max-video-preview":"max-video-preview:-1"},"canonical":"http:\/\/www.coding4u.fr\/index.php\/realisations\/","og_locale":"fr_FR","og_type":"article","og_title":"R\u00e9alisations - Coding4U","og_description":"CCBenistyle Cr\u00e9atrice de bijoux Cr\u00e9ation de l&rsquo;identit\u00e9 visuelle (Logo, carte de visite) et boutique en ligne de bijoux contemporains Skills Synergy Centre de formation Cr\u00e9ation du site Internet du centre de formation et personnalisation du catalogue reli\u00e9 \u00e0 l&rsquo;outil Dendreo. IZA Expertise Expert-Comptable Cr\u00e9ation du site Internet du cabinet d&rsquo;expertise comptable ainsi que d&rsquo;une plaque &hellip;","og_url":"http:\/\/www.coding4u.fr\/index.php\/realisations\/","og_site_name":"Coding4U","article_modified_time":"2025-07-28T13:03:19+00:00","og_image":[{"url":"http:\/\/www.coding4u.fr\/wp-content\/uploads\/2022\/03\/CCBenistyle-Site-scaled.jpg","type":"","width":"","height":""}],"twitter_card":"summary_large_image","twitter_misc":{"Dur\u00e9e de lecture estim\u00e9e":"1 minute"},"schema":{"@context":"https:\/\/schema.org","@graph":[{"@type":"WebPage","@id":"http:\/\/www.coding4u.fr\/index.php\/realisations\/","url":"http:\/\/www.coding4u.fr\/index.php\/realisations\/","name":"R\u00e9alisations - Coding4U","isPartOf":{"@id":"http:\/\/www.coding4u.fr\/#website"},"primaryImageOfPage":{"@id":"http:\/\/www.coding4u.fr\/index.php\/realisations\/#primaryimage"},"image":{"@id":"http:\/\/www.coding4u.fr\/index.php\/realisations\/#primaryimage"},"thumbnailUrl":"http:\/\/www.coding4u.fr\/wp-content\/uploads\/2022\/03\/CCBenistyle-Site-scaled.jpg","datePublished":"2022-12-12T15:44:45+00:00","dateModified":"2025-07-28T13:03:19+00:00","breadcrumb":{"@id":"http:\/\/www.coding4u.fr\/index.php\/realisations\/#breadcrumb"},"inLanguage":"fr-FR","potentialAction":[{"@type":"ReadAction","target":["http:\/\/www.coding4u.fr\/index.php\/realisations\/"]}]},{"@type":"ImageObject","inLanguage":"fr-FR","@id":"http:\/\/www.coding4u.fr\/index.php\/realisations\/#primaryimage","url":"http:\/\/www.coding4u.fr\/wp-content\/uploads\/2022\/03\/CCBenistyle-Site-scaled.jpg","contentUrl":"http:\/\/www.coding4u.fr\/wp-content\/uploads\/2022\/03\/CCBenistyle-Site-scaled.jpg","width":2560,"height":1854,"caption":"Boutique en ligne CCBenistyle"},{"@type":"BreadcrumbList","@id":"http:\/\/www.coding4u.fr\/index.php\/realisations\/#breadcrumb","itemListElement":[{"@type":"ListItem","position":1,"name":"Accueil","item":"http:\/\/www.coding4u.fr\/"},{"@type":"ListItem","position":2,"name":"R\u00e9alisations"}]},{"@type":"WebSite","@id":"http:\/\/www.coding4u.fr\/#website","url":"http:\/\/www.coding4u.fr\/","name":"Coding4U","description":"Votre partenaire digital pour une pr\u00e9sence en ligne d&#039;exception.","publisher":{"@id":"http:\/\/www.coding4u.fr\/#organization"},"potentialAction":[{"@type":"SearchAction","target":{"@type":"EntryPoint","urlTemplate":"http:\/\/www.coding4u.fr\/?s={search_term_string}"},"query-input":{"@type":"PropertyValueSpecification","valueRequired":true,"valueName":"search_term_string"}}],"inLanguage":"fr-FR"},{"@type":"Organization","@id":"http:\/\/www.coding4u.fr\/#organization","name":"Coding4U","url":"http:\/\/www.coding4u.fr\/","logo":{"@type":"ImageObject","inLanguage":"fr-FR","@id":"http:\/\/www.coding4u.fr\/#\/schema\/logo\/image\/","url":"https:\/\/www.coding4u.fr\/wp-content\/uploads\/2021\/07\/c4u-1.jpg","contentUrl":"https:\/\/www.coding4u.fr\/wp-content\/uploads\/2021\/07\/c4u-1.jpg","width":330,"height":212,"caption":"Coding4U"},"image":{"@id":"http:\/\/www.coding4u.fr\/#\/schema\/logo\/image\/"}}]}},"_links":{"self":[{"href":"http:\/\/www.coding4u.fr\/index.php\/wp-json\/wp\/v2\/pages\/709","targetHints":{"allow":["GET"]}}],"collection":[{"href":"http:\/\/www.coding4u.fr\/index.php\/wp-json\/wp\/v2\/pages"}],"about":[{"href":"http:\/\/www.coding4u.fr\/index.php\/wp-json\/wp\/v2\/types\/page"}],"author":[{"embeddable":true,"href":"http:\/\/www.coding4u.fr\/index.php\/wp-json\/wp\/v2\/users\/1"}],"replies":[{"embeddable":true,"href":"http:\/\/www.coding4u.fr\/index.php\/wp-json\/wp\/v2\/comments?post=709"}],"version-history":[{"count":27,"href":"http:\/\/www.coding4u.fr\/index.php\/wp-json\/wp\/v2\/pages\/709\/revisions"}],"predecessor-version":[{"id":1727,"href":"http:\/\/www.coding4u.fr\/index.php\/wp-json\/wp\/v2\/pages\/709\/revisions\/1727"}],"wp:attachment":[{"href":"http:\/\/www.coding4u.fr\/index.php\/wp-json\/wp\/v2\/media?parent=709"}],"curies":[{"name":"wp","href":"https:\/\/api.w.org\/{rel}","templated":true}]}}